{"id":3830,"date":"2016-01-01T19:18:52","date_gmt":"2016-01-01T18:18:52","guid":{"rendered":"http:\/\/www.ignitethemes.net\/via-demos\/rack\/?page_id=3809"},"modified":"2020-11-06T12:42:47","modified_gmt":"2020-11-06T11:42:47","slug":"home1-dark","status":"publish","type":"page","link":"https:\/\/www.k-max.at\/elektro\/","title":{"rendered":"Home"},"content":{"rendered":"\n\tSeit 2015 selbstst\u00e4ndig, biete ich ein Konzept vom kleinen Haushalt bis zu gro\u00dfen Maschinenanlagen.<br \/>\nDie Reparatur der Waschmaschine geh\u00f6rt ebenso zum Angebot wie die Planung und Installation von Photovoltaik &#8211; Anlagen, komplexe Steuerungstechnik im privaten Haushalt sowie f\u00fcr Industrieanlagen.<br \/>\nPlanung, Koordinierung bei baulichen Ma\u00dfnahmen und Installation, ein Gesamtpaket von Elektrotechnikmeister Markus Kramser.\n\tE-Check\n<a href=\"http:\/\/www.k-max.at\/elektro\/e-check\/\" data-animate=\"fadeInLeft\"   >\n\tMehr&#8230;\n\t<\/a>  \n\t<p>&nbsp;<\/p>\n<p><strong>Gute Gr\u00fcnde f\u00fcr einen E-CHECK:<\/strong><\/p>\n<ul>\n<li>Sicherheit f\u00fcr Ihr zu Hause<\/li>\n<li>Mehr Komfort<\/li>\n<li>Energiesparen<\/li>\n<li>Schadenspr\u00e4vention<\/li>\n<\/ul>\n<p>&nbsp;<\/p>\n\t<p>&nbsp;<\/p>\n<p><strong>Der E-CHECK beugt vor, bevor ein Schaden entsteht.<\/strong><\/p>\n<p>Vorbeugen mit:<\/p>\n<ul>\n<li>\u00dcberspannungsschutz<\/li>\n<li>Sicherungen<\/li>\n<li>FI-Schalter und Rauchmelder<\/li>\n<li>\u00dcberpr\u00fcfungen<\/li>\n<\/ul>\n<p>&nbsp;<\/p>\n\tPhotovoltaik\n\t\n<strong>gepr\u00fcfter Photovoltaiktechniker<\/strong>\n<p>Ich mache mir pers\u00f6nlich vor Ort ein Bild, erstelle ein Angebot nach Ihrem Bedarf und biete Ihnen beste Beratung, Planung und Montage. <\/p>\n<p>Gerne Informiere ich Sie auch \u00fcber F\u00f6rderungen f\u00fcr Photovoltaikanlagen<\/p>\n<p>&nbsp;<\/p>\n\tBeleuchtungstechnik\n<a href=\"http:\/\/www.k-max.at\/elektro\/beleuchtungstechnik\/\" data-animate=\"fadeInLeft\"   >\n\tMehr&#8230;\n\t<\/a>  \n\tProfessionelle Lichtplanung im Innen- und Au\u00dfenbereich, ob Privat oder Gewerbe, betreue ich Sie von der Entwurfsplanung bis zur Montage. \nDes Weiteren bieten wir, um die Beleuchtung Ihres Projektes zu vervollst\u00e4ndigen, auch das fachliche Know-how f\u00fcr die notwendige Not\u2013, Sicherheits\u2013 und Fluchtwegbeleuchtung. \n\tGeb\u00e4udeautomation\n<a href=\"http:\/\/www.k-max.at\/elektro\/smart-home\/\" data-animate=\"fadeInLeft\"   >\n\tMehr&#8230;\n\t<\/a>  \n<p><strong>Geb\u00e4udeautomation<\/strong> (Smart-Home)<\/p>\n<p><strong>Offizieller Partner von KNX<\/strong>\u00a0\u00a0\u00a0\u00a0\u00a0\u00a0\u00a0\u00a0\u00a0\u00a0 <img decoding=\"async\" src=\"http:\/\/www.k-max.at\/images\/knx.png\" alt=\"\" \/> <\/p>\n","protected":false},"excerpt":{"rendered":"<p>Seit 2015 selbstst\u00e4ndig, biete ich ein Konzept vom kleinen Haushalt bis zu gro\u00dfen Maschinenanlagen. Die Reparatur der Waschmaschine geh\u00f6rt ebenso zum Angebot wie die Planung und Installation von Photovoltaik &#8211; Anlagen, komplexe Steuerungstechnik im privaten Haushalt sowie f\u00fcr Industrieanlagen. Planung, Koordinierung bei baulichen Ma\u00dfnahmen und Installation, ein Gesamtpaket von Elektrotechnikmeister Markus Kramser. E-Check Mehr&#8230; &nbsp; [&hellip;]<\/p>\n","protected":false},"author":2,"featured_media":0,"parent":0,"menu_order":0,"comment_status":"open","ping_status":"closed","template":"","meta":{"_acf_changed":false,"footnotes":""},"acf":[],"_links":{"self":[{"href":"https:\/\/www.k-max.at\/elektro\/wp-json\/wp\/v2\/pages\/3830"}],"collection":[{"href":"https:\/\/www.k-max.at\/elektro\/wp-json\/wp\/v2\/pages"}],"about":[{"href":"https:\/\/www.k-max.at\/elektro\/wp-json\/wp\/v2\/types\/page"}],"author":[{"embeddable":true,"href":"https:\/\/www.k-max.at\/elektro\/wp-json\/wp\/v2\/users\/2"}],"replies":[{"embeddable":true,"href":"https:\/\/www.k-max.at\/elektro\/wp-json\/wp\/v2\/comments?post=3830"}],"version-history":[{"count":76,"href":"https:\/\/www.k-max.at\/elektro\/wp-json\/wp\/v2\/pages\/3830\/revisions"}],"predecessor-version":[{"id":4532,"href":"https:\/\/www.k-max.at\/elektro\/wp-json\/wp\/v2\/pages\/3830\/revisions\/4532"}],"wp:attachment":[{"href":"https:\/\/www.k-max.at\/elektro\/wp-json\/wp\/v2\/media?parent=3830"}],"curies":[{"name":"wp","href":"https:\/\/api.w.org\/{rel}","templated":true}]}}