{"id":4203,"date":"2016-04-06T11:45:52","date_gmt":"2016-04-06T09:45:52","guid":{"rendered":"http:\/\/www.k-max.at\/elektro\/?page_id=4203"},"modified":"2016-07-18T17:18:51","modified_gmt":"2016-07-18T15:18:51","slug":"smart-home","status":"publish","type":"page","link":"https:\/\/www.k-max.at\/elektro\/smart-home\/","title":{"rendered":"Smart-Home"},"content":{"rendered":"<p>&nbsp;<\/p>\n<p><strong>Licht<\/strong><\/p>\n<ul>\n<li>Steuerung der Beleuchtung in Haus, Garage und Garten.<\/li>\n<li>Lichtszenarien oder individuelles Dimmen<\/li>\n<\/ul>\n<p><strong>Beschattung<\/strong><\/p>\n<ul>\n<li>\u00dcber Regen-, Wind- und Helligkeitssensoren werden Jalousien und Marquisen gesteuert.<\/li>\n<\/ul>\n<p><strong>L\u00fcftung<\/strong><\/p>\n<ul>\n<li>Fenster werden nach Bedarf ge\u00f6ffnet.<\/li>\n<\/ul>\n<p><strong>Heizung<\/strong><\/p>\n<ul>\n<li>Automatische W\u00e4rmeregelung nach Bedarf der Bewohner und Nutzung der R\u00e4ume.<\/li>\n<\/ul>\n<p>&nbsp;<\/p>\n<p><strong>Alltag<\/strong><\/p>\n<ul>\n<li>T\u00e4gliche Zeitsteuerung von Beleuchtung, Beschattung, L\u00fcftung und Heizung.<\/li>\n<\/ul>\n<p><strong>Anzeige<\/strong><\/p>\n<ul>\n<li>Bedienung aller Systeme im und ums Haus \u00fcber ein Display. \u00dcberwachungskameras k\u00f6nnen mit eingebunden werden.<\/li>\n<\/ul>\n<p><strong>Sicherheit<\/strong><\/p>\n<ul>\n<li>Mitteilung \u00fcber offene T\u00fcren und Fenster, auf Wunsch auch per Smartphone oder \u00fcber das Internet m\u00f6glich.<\/li>\n<\/ul>\n<p><strong>Reise<\/strong><\/p>\n<li>Durch Steuerung von Licht und Jalousien wird ein bewohntes Haus Simuliert.<\/li>\n<\/ul>\n","protected":false},"excerpt":{"rendered":"<p>&nbsp; Licht Steuerung der Beleuchtung in Haus, Garage und Garten. Lichtszenarien oder individuelles Dimmen Beschattung \u00dcber Regen-, Wind- und Helligkeitssensoren werden Jalousien und Marquisen gesteuert. L\u00fcftung Fenster werden nach Bedarf ge\u00f6ffnet. Heizung Automatische W\u00e4rmeregelung nach Bedarf der Bewohner und Nutzung der R\u00e4ume. &nbsp; Alltag T\u00e4gliche Zeitsteuerung von Beleuchtung, Beschattung, L\u00fcftung und Heizung. Anzeige Bedienung aller [&hellip;]<\/p>\n","protected":false},"author":2,"featured_media":0,"parent":0,"menu_order":0,"comment_status":"closed","ping_status":"closed","template":"","meta":{"_acf_changed":false,"footnotes":""},"acf":[],"_links":{"self":[{"href":"https:\/\/www.k-max.at\/elektro\/wp-json\/wp\/v2\/pages\/4203"}],"collection":[{"href":"https:\/\/www.k-max.at\/elektro\/wp-json\/wp\/v2\/pages"}],"about":[{"href":"https:\/\/www.k-max.at\/elektro\/wp-json\/wp\/v2\/types\/page"}],"author":[{"embeddable":true,"href":"https:\/\/www.k-max.at\/elektro\/wp-json\/wp\/v2\/users\/2"}],"replies":[{"embeddable":true,"href":"https:\/\/www.k-max.at\/elektro\/wp-json\/wp\/v2\/comments?post=4203"}],"version-history":[{"count":3,"href":"https:\/\/www.k-max.at\/elektro\/wp-json\/wp\/v2\/pages\/4203\/revisions"}],"predecessor-version":[{"id":4459,"href":"https:\/\/www.k-max.at\/elektro\/wp-json\/wp\/v2\/pages\/4203\/revisions\/4459"}],"wp:attachment":[{"href":"https:\/\/www.k-max.at\/elektro\/wp-json\/wp\/v2\/media?parent=4203"}],"curies":[{"name":"wp","href":"https:\/\/api.w.org\/{rel}","templated":true}]}}