{"id":4204,"date":"2016-04-06T11:46:17","date_gmt":"2016-04-06T09:46:17","guid":{"rendered":"http:\/\/www.k-max.at\/elektro\/?page_id=4204"},"modified":"2016-08-28T11:31:08","modified_gmt":"2016-08-28T09:31:08","slug":"e-check","status":"publish","type":"page","link":"https:\/\/www.k-max.at\/elektro\/e-check\/","title":{"rendered":"E-Check"},"content":{"rendered":"<p>\t\t\t\t<img decoding=\"async\" src=\"http:\/\/www.k-max.at\/elektro\/wp-content\/uploads\/2016\/01\/E-Check-1024x807.jpg\" alt=\"E-Check\" itemprop=\"image\"  \/><\/p>\n<h1 align=\"CENTER\"><b>E-Check<\/b><\/h1>\n<h2 align=\"CENTER\"><b>Sicherheit von Ihrem Elektromeister<\/b><\/h2>\n<p align=\"CENTER\">Der E-Check sch\u00fctzt Sie vor Gefahren und unangenehmen \u00dcberraschungen. Ihr Elektrotechniker ist Ihr zuverl\u00e4ssiger Partner, er kennt alle einschl\u00e4gigen Vorschriften und Normen und sch\u00fctzt Ihre Interessen. Beim E-Check wird mit pr\u00e4zisen Messger\u00e4ten ausger\u00fcstet &#8211; die Stockwerks- und Wohnungsverteiler, alle Stromkreise, Kabelquerschnitte und Isolationswiderst\u00e4nde \u00fcberpr\u00fcft. Er kontrolliert s\u00e4mtliche Steckdosen, Deckenausl\u00e4sse, Ger\u00e4teanschlussdosen sowie die Schutzeinrichtungen wie den FI-Schutzschalter und f\u00fchrt eine Sichtpr\u00fcfung durch.<\/p>\n<p align=\"CENTER\">Nach dem E-Check f\u00fcllt er den Elektrobefund aus und bringt die Pr\u00fcfplakette an, die Sie auch \u00fcber den Zeitpunkt der n\u00e4chste \u00dcberpr\u00fcfung informiert.<\/p>\n<p align=\"CENTER\">Ein positiver Elektrobefund soll ins Anlagenbuch aufgenommen\u00a0 werden und gibt Ihnen die Gewissheit, dass die Elektroanlage Ihres Heimes den g\u00fcltigen Sicherheitsvorschriften entspricht.<\/p>\n<p>\t\t\t\t<img decoding=\"async\" src=\"http:\/\/www.k-max.at\/elektro\/wp-content\/uploads\/2016\/04\/Pr\u00fcfpikerl_Muster.jpg\" alt=\"Pr\u00fcfpikerl_Muster\" itemprop=\"image\"  \/><\/p>\n","protected":false},"excerpt":{"rendered":"<p>E-Check Sicherheit von Ihrem Elektromeister Der E-Check sch\u00fctzt Sie vor Gefahren und unangenehmen \u00dcberraschungen. Ihr Elektrotechniker ist Ihr zuverl\u00e4ssiger Partner, er kennt alle einschl\u00e4gigen Vorschriften und Normen und sch\u00fctzt Ihre Interessen. Beim E-Check wird mit pr\u00e4zisen Messger\u00e4ten ausger\u00fcstet &#8211; die Stockwerks- und Wohnungsverteiler, alle Stromkreise, Kabelquerschnitte und Isolationswiderst\u00e4nde \u00fcberpr\u00fcft. Er kontrolliert s\u00e4mtliche Steckdosen, Deckenausl\u00e4sse, Ger\u00e4teanschlussdosen [&hellip;]<\/p>\n","protected":false},"author":2,"featured_media":0,"parent":0,"menu_order":0,"comment_status":"closed","ping_status":"closed","template":"","meta":{"_acf_changed":false,"footnotes":""},"acf":[],"_links":{"self":[{"href":"https:\/\/www.k-max.at\/elektro\/wp-json\/wp\/v2\/pages\/4204"}],"collection":[{"href":"https:\/\/www.k-max.at\/elektro\/wp-json\/wp\/v2\/pages"}],"about":[{"href":"https:\/\/www.k-max.at\/elektro\/wp-json\/wp\/v2\/types\/page"}],"author":[{"embeddable":true,"href":"https:\/\/www.k-max.at\/elektro\/wp-json\/wp\/v2\/users\/2"}],"replies":[{"embeddable":true,"href":"https:\/\/www.k-max.at\/elektro\/wp-json\/wp\/v2\/comments?post=4204"}],"version-history":[{"count":6,"href":"https:\/\/www.k-max.at\/elektro\/wp-json\/wp\/v2\/pages\/4204\/revisions"}],"predecessor-version":[{"id":4502,"href":"https:\/\/www.k-max.at\/elektro\/wp-json\/wp\/v2\/pages\/4204\/revisions\/4502"}],"wp:attachment":[{"href":"https:\/\/www.k-max.at\/elektro\/wp-json\/wp\/v2\/media?parent=4204"}],"curies":[{"name":"wp","href":"https:\/\/api.w.org\/{rel}","templated":true}]}}